{"id":22,"date":"2025-07-30T14:51:15","date_gmt":"2025-07-30T12:51:15","guid":{"rendered":"https:\/\/bertrandconstant-conseil.com\/?page_id=22"},"modified":"2025-07-30T16:50:53","modified_gmt":"2025-07-30T14:50:53","slug":"expertise","status":"publish","type":"page","link":"https:\/\/bertrandconstant-conseil.com\/?page_id=22","title":{"rendered":"Expertises"},"content":{"rendered":"\n<div class=\"wp-block-group is-nowrap is-layout-flex wp-container-core-group-is-layout-ad2f72ca wp-block-group-is-layout-flex\">\n<p>Formation \u00e0 la prise de parole en public<\/p>\n\n\n\n<p>Pr\u00e9paration \u00e0 tout type de Grand Oral (Appel d\u2019offre, Lev\u00e9e de fond\u2026<\/p>\n\n\n\n<p>Coaching de dirigeant (bilan com, communication interpersonnelle, leadership\u2026)<\/p>\n<\/div>\n\n\n\n<div class=\"wp-block-group is-layout-grid wp-container-core-group-is-layout-6be84c55 wp-block-group-is-layout-grid\"><\/div>\n\n\n\n<p><\/p>\n","protected":false},"excerpt":{"rendered":"<p>Formation \u00e0 la prise de parole en public Pr\u00e9paration \u00e0 tout type de Grand Oral (Appel d\u2019offre, Lev\u00e9e de fond\u2026 Coaching de dirigeant (bilan com, communication interpersonnelle, leadership\u2026)<\/p>\n","protected":false},"author":1,"featured_media":0,"parent":0,"menu_order":0,"comment_status":"closed","ping_status":"closed","template":"","meta":{"_kadence_starter_templates_imported_post":false,"_kad_post_transparent":"","_kad_post_title":"","_kad_post_layout":"","_kad_post_sidebar_id":"","_kad_post_content_style":"","_kad_post_vertical_padding":"","_kad_post_feature":"","_kad_post_feature_position":"","_kad_post_header":false,"_kad_post_footer":false,"footnotes":""},"class_list":["post-22","page","type-page","status-publish","hentry"],"_links":{"self":[{"href":"https:\/\/bertrandconstant-conseil.com\/index.php?rest_route=\/wp\/v2\/pages\/22","targetHints":{"allow":["GET"]}}],"collection":[{"href":"https:\/\/bertrandconstant-conseil.com\/index.php?rest_route=\/wp\/v2\/pages"}],"about":[{"href":"https:\/\/bertrandconstant-conseil.com\/index.php?rest_route=\/wp\/v2\/types\/page"}],"author":[{"embeddable":true,"href":"https:\/\/bertrandconstant-conseil.com\/index.php?rest_route=\/wp\/v2\/users\/1"}],"replies":[{"embeddable":true,"href":"https:\/\/bertrandconstant-conseil.com\/index.php?rest_route=%2Fwp%2Fv2%2Fcomments&post=22"}],"version-history":[{"count":4,"href":"https:\/\/bertrandconstant-conseil.com\/index.php?rest_route=\/wp\/v2\/pages\/22\/revisions"}],"predecessor-version":[{"id":57,"href":"https:\/\/bertrandconstant-conseil.com\/index.php?rest_route=\/wp\/v2\/pages\/22\/revisions\/57"}],"wp:attachment":[{"href":"https:\/\/bertrandconstant-conseil.com\/index.php?rest_route=%2Fwp%2Fv2%2Fmedia&parent=22"}],"curies":[{"name":"wp","href":"https:\/\/api.w.org\/{rel}","templated":true}]}}